{"id":841,"date":"2021-03-13T02:07:58","date_gmt":"2021-03-12T23:07:58","guid":{"rendered":"https:\/\/www.ayadernegi.com.tr\/?page_id=841"},"modified":"2021-03-13T02:08:58","modified_gmt":"2021-03-12T23:08:58","slug":"diyanet-istisare-kurulu-ramazan-2021-hakkinda","status":"publish","type":"page","link":"https:\/\/www.ayadernegi.com.tr\/?page_id=841","title":{"rendered":"Diyanet \u0130sti\u015fare Kurulu Ramazan 2021 Hakk\u0131nda"},"content":{"rendered":"<p>[vc_row][vc_column][vc_single_image image=&#8221;782&#8243; img_size=&#8221;full&#8221; alignment=&#8221;center&#8221; style=&#8221;vc_box_shadow_border&#8221;][vc_column_text][\/vc_column_text][vc_btn title=&#8221;Ba\u011f\u0131\u015f Yapmak \u0130\u00e7in T\u0131klay\u0131n&#8221; color=&#8221;mulled-wine&#8221; align=&#8221;center&#8221; i_icon_fontawesome=&#8221;fas fa-chevron-circle-down&#8221; button_block=&#8221;true&#8221; add_icon=&#8221;true&#8221; link=&#8221;url:%2Fbagis-yap%2F|||&#8221;][\/vc_column][\/vc_row]<\/p>\n","protected":false},"excerpt":{"rendered":"<p>[vc_row][vc_column][vc_single_image image=&#8221;782&#8243; img_size=&#8221;full&#8221; alignment=&#8221;center&#8221; style=&#8221;vc_box_shadow_border&#8221;][vc_column_text][\/vc_column_text][vc_btn title=&#8221;Ba\u011f\u0131\u015f Yapmak \u0130\u00e7in T\u0131klay\u0131n&#8221; color=&#8221;mulled-wine&#8221; align=&#8221;center&#8221; i_icon_fontawesome=&#8221;fas fa-chevron-circle-down&#8221; button_block=&#8221;true&#8221; add_icon=&#8221;true&#8221; link=&#8221;url:%2Fbagis-yap%2F|||&#8221;][\/vc_column][\/vc_row]<\/p>\n","protected":false},"author":2,"featured_media":0,"parent":839,"menu_order":0,"comment_status":"closed","ping_status":"closed","template":"","meta":{"footnotes":""},"class_list":["post-841","page","type-page","status-publish","hentry","description-off"],"yoast_head":"<!-- This site is optimized with the Yoast SEO plugin v24.6 - https:\/\/yoast.com\/wordpress\/plugins\/seo\/ -->\n<title>Diyanet \u0130sti\u015fare Kurulu Ramazan 2021 Hakk\u0131nda - Ankara Yard\u0131mla\u015fma Ailesi<\/title>\n<meta name=\"robots\" content=\"index, follow, max-snippet:-1, max-image-preview:large, max-video-preview:-1\" \/>\n<link rel=\"canonical\" href=\"https:\/\/www.ayadernegi.com.tr\/?page_id=841\" \/>\n<meta property=\"og:locale\" content=\"tr_TR\" \/>\n<meta property=\"og:type\" content=\"article\" \/>\n<meta property=\"og:title\" content=\"Diyanet \u0130sti\u015fare Kurulu Ramazan 2021 Hakk\u0131nda - Ankara Yard\u0131mla\u015fma Ailesi\" \/>\n<meta property=\"og:description\" content=\"[vc_row][vc_column][vc_single_image image=&#8221;782&#8243; img_size=&#8221;full&#8221; alignment=&#8221;center&#8221; style=&#8221;vc_box_shadow_border&#8221;][vc_column_text][\/vc_column_text][vc_btn title=&#8221;Ba\u011f\u0131\u015f Yapmak \u0130\u00e7in T\u0131klay\u0131n&#8221; color=&#8221;mulled-wine&#8221; align=&#8221;center&#8221; i_icon_fontawesome=&#8221;fas fa-chevron-circle-down&#8221; button_block=&#8221;true&#8221; add_icon=&#8221;true&#8221; link=&#8221;url:%2Fbagis-yap%2F|||&#8221;][\/vc_column][\/vc_row]\" \/>\n<meta property=\"og:url\" content=\"https:\/\/www.ayadernegi.com.tr\/?page_id=841\" \/>\n<meta property=\"og:site_name\" content=\"Ankara Yard\u0131mla\u015fma Ailesi\" \/>\n<meta property=\"article:modified_time\" content=\"2021-03-12T23:08:58+00:00\" \/>\n<meta name=\"twitter:card\" content=\"summary_large_image\" \/>\n<meta name=\"twitter:label1\" content=\"Tahmini okuma s\u00fcresi\" \/>\n\t<meta name=\"twitter:data1\" content=\"1 dakika\" \/>\n<script type=\"application\/ld+json\" class=\"yoast-schema-graph\">{\"@context\":\"https:\/\/schema.org\",\"@graph\":[{\"@type\":\"WebPage\",\"@id\":\"https:\/\/www.ayadernegi.com.tr\/?page_id=841\",\"url\":\"https:\/\/www.ayadernegi.com.tr\/?page_id=841\",\"name\":\"Diyanet \u0130sti\u015fare Kurulu Ramazan 2021 Hakk\u0131nda - Ankara Yard\u0131mla\u015fma Ailesi\",\"isPartOf\":{\"@id\":\"https:\/\/www.ayadernegi.com.tr\/#website\"},\"datePublished\":\"2021-03-12T23:07:58+00:00\",\"dateModified\":\"2021-03-12T23:08:58+00:00\",\"breadcrumb\":{\"@id\":\"https:\/\/www.ayadernegi.com.tr\/?page_id=841#breadcrumb\"},\"inLanguage\":\"tr\",\"potentialAction\":[{\"@type\":\"ReadAction\",\"target\":[\"https:\/\/www.ayadernegi.com.tr\/?page_id=841\"]}]},{\"@type\":\"BreadcrumbList\",\"@id\":\"https:\/\/www.ayadernegi.com.tr\/?page_id=841#breadcrumb\",\"itemListElement\":[{\"@type\":\"ListItem\",\"position\":1,\"name\":\"Anasayfa\",\"item\":\"https:\/\/www.ayadernegi.com.tr\/\"},{\"@type\":\"ListItem\",\"position\":2,\"name\":\"Faaliyetlerimiz\",\"item\":\"https:\/\/www.ayadernegi.com.tr\/?page_id=673\"},{\"@type\":\"ListItem\",\"position\":3,\"name\":\"Ramazan\",\"item\":\"https:\/\/www.ayadernegi.com.tr\/?page_id=839\"},{\"@type\":\"ListItem\",\"position\":4,\"name\":\"Diyanet \u0130sti\u015fare Kurulu Ramazan 2021 Hakk\u0131nda\"}]},{\"@type\":\"WebSite\",\"@id\":\"https:\/\/www.ayadernegi.com.tr\/#website\",\"url\":\"https:\/\/www.ayadernegi.com.tr\/\",\"name\":\"Ankara Yard\u0131mla\u015fma Ailesi\",\"description\":\"\",\"potentialAction\":[{\"@type\":\"SearchAction\",\"target\":{\"@type\":\"EntryPoint\",\"urlTemplate\":\"https:\/\/www.ayadernegi.com.tr\/?s={search_term_string}\"},\"query-input\":{\"@type\":\"PropertyValueSpecification\",\"valueRequired\":true,\"valueName\":\"search_term_string\"}}],\"inLanguage\":\"tr\"}]}<\/script>\n<!-- \/ Yoast SEO plugin. -->","yoast_head_json":{"title":"Diyanet \u0130sti\u015fare Kurulu Ramazan 2021 Hakk\u0131nda - Ankara Yard\u0131mla\u015fma Ailesi","robots":{"index":"index","follow":"follow","max-snippet":"max-snippet:-1","max-image-preview":"max-image-preview:large","max-video-preview":"max-video-preview:-1"},"canonical":"https:\/\/www.ayadernegi.com.tr\/?page_id=841","og_locale":"tr_TR","og_type":"article","og_title":"Diyanet \u0130sti\u015fare Kurulu Ramazan 2021 Hakk\u0131nda - Ankara Yard\u0131mla\u015fma Ailesi","og_description":"[vc_row][vc_column][vc_single_image image=&#8221;782&#8243; img_size=&#8221;full&#8221; alignment=&#8221;center&#8221; style=&#8221;vc_box_shadow_border&#8221;][vc_column_text][\/vc_column_text][vc_btn title=&#8221;Ba\u011f\u0131\u015f Yapmak \u0130\u00e7in T\u0131klay\u0131n&#8221; color=&#8221;mulled-wine&#8221; align=&#8221;center&#8221; i_icon_fontawesome=&#8221;fas fa-chevron-circle-down&#8221; button_block=&#8221;true&#8221; add_icon=&#8221;true&#8221; link=&#8221;url:%2Fbagis-yap%2F|||&#8221;][\/vc_column][\/vc_row]","og_url":"https:\/\/www.ayadernegi.com.tr\/?page_id=841","og_site_name":"Ankara Yard\u0131mla\u015fma Ailesi","article_modified_time":"2021-03-12T23:08:58+00:00","twitter_card":"summary_large_image","twitter_misc":{"Tahmini okuma s\u00fcresi":"1 dakika"},"schema":{"@context":"https:\/\/schema.org","@graph":[{"@type":"WebPage","@id":"https:\/\/www.ayadernegi.com.tr\/?page_id=841","url":"https:\/\/www.ayadernegi.com.tr\/?page_id=841","name":"Diyanet \u0130sti\u015fare Kurulu Ramazan 2021 Hakk\u0131nda - Ankara Yard\u0131mla\u015fma Ailesi","isPartOf":{"@id":"https:\/\/www.ayadernegi.com.tr\/#website"},"datePublished":"2021-03-12T23:07:58+00:00","dateModified":"2021-03-12T23:08:58+00:00","breadcrumb":{"@id":"https:\/\/www.ayadernegi.com.tr\/?page_id=841#breadcrumb"},"inLanguage":"tr","potentialAction":[{"@type":"ReadAction","target":["https:\/\/www.ayadernegi.com.tr\/?page_id=841"]}]},{"@type":"BreadcrumbList","@id":"https:\/\/www.ayadernegi.com.tr\/?page_id=841#breadcrumb","itemListElement":[{"@type":"ListItem","position":1,"name":"Anasayfa","item":"https:\/\/www.ayadernegi.com.tr\/"},{"@type":"ListItem","position":2,"name":"Faaliyetlerimiz","item":"https:\/\/www.ayadernegi.com.tr\/?page_id=673"},{"@type":"ListItem","position":3,"name":"Ramazan","item":"https:\/\/www.ayadernegi.com.tr\/?page_id=839"},{"@type":"ListItem","position":4,"name":"Diyanet \u0130sti\u015fare Kurulu Ramazan 2021 Hakk\u0131nda"}]},{"@type":"WebSite","@id":"https:\/\/www.ayadernegi.com.tr\/#website","url":"https:\/\/www.ayadernegi.com.tr\/","name":"Ankara Yard\u0131mla\u015fma Ailesi","description":"","potentialAction":[{"@type":"SearchAction","target":{"@type":"EntryPoint","urlTemplate":"https:\/\/www.ayadernegi.com.tr\/?s={search_term_string}"},"query-input":{"@type":"PropertyValueSpecification","valueRequired":true,"valueName":"search_term_string"}}],"inLanguage":"tr"}]}},"_links":{"self":[{"href":"https:\/\/www.ayadernegi.com.tr\/index.php?rest_route=\/wp\/v2\/pages\/841","targetHints":{"allow":["GET"]}}],"collection":[{"href":"https:\/\/www.ayadernegi.com.tr\/index.php?rest_route=\/wp\/v2\/pages"}],"about":[{"href":"https:\/\/www.ayadernegi.com.tr\/index.php?rest_route=\/wp\/v2\/types\/page"}],"author":[{"embeddable":true,"href":"https:\/\/www.ayadernegi.com.tr\/index.php?rest_route=\/wp\/v2\/users\/2"}],"replies":[{"embeddable":true,"href":"https:\/\/www.ayadernegi.com.tr\/index.php?rest_route=%2Fwp%2Fv2%2Fcomments&post=841"}],"version-history":[{"count":1,"href":"https:\/\/www.ayadernegi.com.tr\/index.php?rest_route=\/wp\/v2\/pages\/841\/revisions"}],"predecessor-version":[{"id":842,"href":"https:\/\/www.ayadernegi.com.tr\/index.php?rest_route=\/wp\/v2\/pages\/841\/revisions\/842"}],"up":[{"embeddable":true,"href":"https:\/\/www.ayadernegi.com.tr\/index.php?rest_route=\/wp\/v2\/pages\/839"}],"wp:attachment":[{"href":"https:\/\/www.ayadernegi.com.tr\/index.php?rest_route=%2Fwp%2Fv2%2Fmedia&parent=841"}],"curies":[{"name":"wp","href":"https:\/\/api.w.org\/{rel}","templated":true}]}}