{"id":725,"date":"2021-01-19T06:12:07","date_gmt":"2021-01-19T03:12:07","guid":{"rendered":"https:\/\/www.ayadernegi.com.tr\/?page_id=725"},"modified":"2021-11-02T22:45:36","modified_gmt":"2021-11-02T19:45:36","slug":"bagis-yap","status":"publish","type":"page","link":"https:\/\/www.ayadernegi.com.tr\/?page_id=725","title":{"rendered":"Ba\u011f\u0131\u015f Yap"},"content":{"rendered":"<p>[vc_row][vc_column width=&#8221;1\/2&#8243;]<div class=\"aio-icon-component    style_1\"><div id=\"Info-box-wrap-4421\" class=\"aio-icon-box square_box-icon\" style=\"border-color:#aaaaaa;border-style:dashed;\"  ><div class=\"aio-icon-square_box\"><div class=\"ult-just-icon-wrapper  \"><div class=\"align-icon\" style=\"text-align:center;\">\n<div class=\"aio-icon-img \" style=\"font-size:170px;display:inline-block;\" >\n\t<img decoding=\"async\" class=\"img-icon\" alt=\"null\" src=\"https:\/\/www.ayadernegi.com.tr\/wp-content\/uploads\/2021\/01\/ziraat-1.jpg\"\/>\n<\/div><\/div><\/div><\/div><div class=\"aio-icon-header\" ><h3 class=\"aio-icon-title ult-responsive\"  data-ultimate-target='#Info-box-wrap-4421 .aio-icon-title'  data-responsive-json-new='{\"font-size\":\"\",\"line-height\":\"\"}'  style=\"font-family:&#039;Roboto&#039;;color:#000000;\">Ankara Yard\u0131mla\u015fma Ailesi veya Aya Derne\u011fi<\/h3><\/div> <!-- header --><div class=\"aio-icon-description ult-responsive\"  data-ultimate-target='#Info-box-wrap-4421 .aio-icon-description'  data-responsive-json-new='{\"font-size\":\"\",\"line-height\":\"\"}'  style=\"font-family:&#039;Roboto&#039;;color:#212121;\"><strong>IBAN:<\/strong> TR77 0001 0013 3096 0862 7550 01<\/div> <!-- description --><\/div> <!-- aio-icon-box --><\/div> <!-- aio-icon-component -->[\/vc_column][vc_column width=&#8221;1\/2&#8243;]<div class=\"aio-icon-component    style_1\"><div id=\"Info-box-wrap-9149\" class=\"aio-icon-box square_box-icon\" style=\"border-color:#aaaaaa;border-style:dashed;\"  ><div class=\"aio-icon-square_box\"><div class=\"ult-just-icon-wrapper  \"><div class=\"align-icon\" style=\"text-align:center;\">\n<div class=\"aio-icon-img \" style=\"font-size:170px;display:inline-block;\" >\n\t<img decoding=\"async\" class=\"img-icon\" alt=\"null\" src=\"https:\/\/www.ayadernegi.com.tr\/wp-content\/uploads\/2021\/01\/vakif-1.jpg\"\/>\n<\/div><\/div><\/div><\/div><div class=\"aio-icon-header\" ><h3 class=\"aio-icon-title ult-responsive\"  data-ultimate-target='#Info-box-wrap-9149 .aio-icon-title'  data-responsive-json-new='{\"font-size\":\"\",\"line-height\":\"\"}'  style=\"font-family:&#039;Roboto&#039;;color:#000000;\">Ankara Yard\u0131mla\u015fma Ailesi veya Aya Derne\u011fi<\/h3><\/div> <!-- header --><div class=\"aio-icon-description ult-responsive\"  data-ultimate-target='#Info-box-wrap-9149 .aio-icon-description'  data-responsive-json-new='{\"font-size\":\"\",\"line-height\":\"\"}'  style=\"font-family:&#039;Roboto&#039;;color:#212121;\"><strong>IBAN:<\/strong> TR81 0001 5001 5800 7312 4835 52<\/div> <!-- description --><\/div> <!-- aio-icon-box --><\/div> <!-- aio-icon-component -->[\/vc_column][\/vc_row][vc_row][vc_column][vc_empty_space][\/vc_column][\/vc_row]<\/p>\n","protected":false},"excerpt":{"rendered":"<p>[vc_row][vc_column width=&#8221;1\/2&#8243;][\/vc_column][vc_column width=&#8221;1\/2&#8243;][\/vc_column][\/vc_row][vc_row][vc_column][vc_empty_space][\/vc_column][\/vc_row]<\/p>\n","protected":false},"author":1,"featured_media":0,"parent":0,"menu_order":0,"comment_status":"closed","ping_status":"closed","template":"","meta":{"footnotes":""},"class_list":["post-725","page","type-page","status-publish","hentry","description-off"],"yoast_head":"<!-- This site is optimized with the Yoast SEO plugin v24.6 - https:\/\/yoast.com\/wordpress\/plugins\/seo\/ -->\n<title>Ba\u011f\u0131\u015f Yap - Ankara Yard\u0131mla\u015fma Ailesi<\/title>\n<meta name=\"robots\" content=\"index, follow, max-snippet:-1, max-image-preview:large, max-video-preview:-1\" \/>\n<link rel=\"canonical\" href=\"https:\/\/www.ayadernegi.com.tr\/?page_id=725\" \/>\n<meta property=\"og:locale\" content=\"tr_TR\" \/>\n<meta property=\"og:type\" content=\"article\" \/>\n<meta property=\"og:title\" content=\"Ba\u011f\u0131\u015f Yap - Ankara Yard\u0131mla\u015fma Ailesi\" \/>\n<meta property=\"og:description\" content=\"[vc_row][vc_column width=&#8221;1\/2&#8243;][\/vc_column][vc_column width=&#8221;1\/2&#8243;][\/vc_column][\/vc_row][vc_row][vc_column][vc_empty_space][\/vc_column][\/vc_row]\" \/>\n<meta property=\"og:url\" content=\"https:\/\/www.ayadernegi.com.tr\/?page_id=725\" \/>\n<meta property=\"og:site_name\" content=\"Ankara Yard\u0131mla\u015fma Ailesi\" \/>\n<meta property=\"article:modified_time\" content=\"2021-11-02T19:45:36+00:00\" \/>\n<meta name=\"twitter:card\" content=\"summary_large_image\" \/>\n<meta name=\"twitter:label1\" content=\"Tahmini okuma s\u00fcresi\" \/>\n\t<meta name=\"twitter:data1\" content=\"1 dakika\" \/>\n<script type=\"application\/ld+json\" class=\"yoast-schema-graph\">{\"@context\":\"https:\/\/schema.org\",\"@graph\":[{\"@type\":\"WebPage\",\"@id\":\"https:\/\/www.ayadernegi.com.tr\/?page_id=725\",\"url\":\"https:\/\/www.ayadernegi.com.tr\/?page_id=725\",\"name\":\"Ba\u011f\u0131\u015f Yap - Ankara Yard\u0131mla\u015fma Ailesi\",\"isPartOf\":{\"@id\":\"https:\/\/www.ayadernegi.com.tr\/#website\"},\"datePublished\":\"2021-01-19T03:12:07+00:00\",\"dateModified\":\"2021-11-02T19:45:36+00:00\",\"breadcrumb\":{\"@id\":\"https:\/\/www.ayadernegi.com.tr\/?page_id=725#breadcrumb\"},\"inLanguage\":\"tr\",\"potentialAction\":[{\"@type\":\"ReadAction\",\"target\":[\"https:\/\/www.ayadernegi.com.tr\/?page_id=725\"]}]},{\"@type\":\"BreadcrumbList\",\"@id\":\"https:\/\/www.ayadernegi.com.tr\/?page_id=725#breadcrumb\",\"itemListElement\":[{\"@type\":\"ListItem\",\"position\":1,\"name\":\"Anasayfa\",\"item\":\"https:\/\/www.ayadernegi.com.tr\/\"},{\"@type\":\"ListItem\",\"position\":2,\"name\":\"Ba\u011f\u0131\u015f Yap\"}]},{\"@type\":\"WebSite\",\"@id\":\"https:\/\/www.ayadernegi.com.tr\/#website\",\"url\":\"https:\/\/www.ayadernegi.com.tr\/\",\"name\":\"Ankara Yard\u0131mla\u015fma Ailesi\",\"description\":\"\",\"potentialAction\":[{\"@type\":\"SearchAction\",\"target\":{\"@type\":\"EntryPoint\",\"urlTemplate\":\"https:\/\/www.ayadernegi.com.tr\/?s={search_term_string}\"},\"query-input\":{\"@type\":\"PropertyValueSpecification\",\"valueRequired\":true,\"valueName\":\"search_term_string\"}}],\"inLanguage\":\"tr\"}]}<\/script>\n<!-- \/ Yoast SEO plugin. -->","yoast_head_json":{"title":"Ba\u011f\u0131\u015f Yap - Ankara Yard\u0131mla\u015fma Ailesi","robots":{"index":"index","follow":"follow","max-snippet":"max-snippet:-1","max-image-preview":"max-image-preview:large","max-video-preview":"max-video-preview:-1"},"canonical":"https:\/\/www.ayadernegi.com.tr\/?page_id=725","og_locale":"tr_TR","og_type":"article","og_title":"Ba\u011f\u0131\u015f Yap - Ankara Yard\u0131mla\u015fma Ailesi","og_description":"[vc_row][vc_column width=&#8221;1\/2&#8243;][\/vc_column][vc_column width=&#8221;1\/2&#8243;][\/vc_column][\/vc_row][vc_row][vc_column][vc_empty_space][\/vc_column][\/vc_row]","og_url":"https:\/\/www.ayadernegi.com.tr\/?page_id=725","og_site_name":"Ankara Yard\u0131mla\u015fma Ailesi","article_modified_time":"2021-11-02T19:45:36+00:00","twitter_card":"summary_large_image","twitter_misc":{"Tahmini okuma s\u00fcresi":"1 dakika"},"schema":{"@context":"https:\/\/schema.org","@graph":[{"@type":"WebPage","@id":"https:\/\/www.ayadernegi.com.tr\/?page_id=725","url":"https:\/\/www.ayadernegi.com.tr\/?page_id=725","name":"Ba\u011f\u0131\u015f Yap - Ankara Yard\u0131mla\u015fma Ailesi","isPartOf":{"@id":"https:\/\/www.ayadernegi.com.tr\/#website"},"datePublished":"2021-01-19T03:12:07+00:00","dateModified":"2021-11-02T19:45:36+00:00","breadcrumb":{"@id":"https:\/\/www.ayadernegi.com.tr\/?page_id=725#breadcrumb"},"inLanguage":"tr","potentialAction":[{"@type":"ReadAction","target":["https:\/\/www.ayadernegi.com.tr\/?page_id=725"]}]},{"@type":"BreadcrumbList","@id":"https:\/\/www.ayadernegi.com.tr\/?page_id=725#breadcrumb","itemListElement":[{"@type":"ListItem","position":1,"name":"Anasayfa","item":"https:\/\/www.ayadernegi.com.tr\/"},{"@type":"ListItem","position":2,"name":"Ba\u011f\u0131\u015f Yap"}]},{"@type":"WebSite","@id":"https:\/\/www.ayadernegi.com.tr\/#website","url":"https:\/\/www.ayadernegi.com.tr\/","name":"Ankara Yard\u0131mla\u015fma Ailesi","description":"","potentialAction":[{"@type":"SearchAction","target":{"@type":"EntryPoint","urlTemplate":"https:\/\/www.ayadernegi.com.tr\/?s={search_term_string}"},"query-input":{"@type":"PropertyValueSpecification","valueRequired":true,"valueName":"search_term_string"}}],"inLanguage":"tr"}]}},"_links":{"self":[{"href":"https:\/\/www.ayadernegi.com.tr\/index.php?rest_route=\/wp\/v2\/pages\/725","targetHints":{"allow":["GET"]}}],"collection":[{"href":"https:\/\/www.ayadernegi.com.tr\/index.php?rest_route=\/wp\/v2\/pages"}],"about":[{"href":"https:\/\/www.ayadernegi.com.tr\/index.php?rest_route=\/wp\/v2\/types\/page"}],"author":[{"embeddable":true,"href":"https:\/\/www.ayadernegi.com.tr\/index.php?rest_route=\/wp\/v2\/users\/1"}],"replies":[{"embeddable":true,"href":"https:\/\/www.ayadernegi.com.tr\/index.php?rest_route=%2Fwp%2Fv2%2Fcomments&post=725"}],"version-history":[{"count":9,"href":"https:\/\/www.ayadernegi.com.tr\/index.php?rest_route=\/wp\/v2\/pages\/725\/revisions"}],"predecessor-version":[{"id":964,"href":"https:\/\/www.ayadernegi.com.tr\/index.php?rest_route=\/wp\/v2\/pages\/725\/revisions\/964"}],"wp:attachment":[{"href":"https:\/\/www.ayadernegi.com.tr\/index.php?rest_route=%2Fwp%2Fv2%2Fmedia&parent=725"}],"curies":[{"name":"wp","href":"https:\/\/api.w.org\/{rel}","templated":true}]}}